{"id":2566,"date":"2024-05-01T23:22:57","date_gmt":"2024-05-01T21:22:57","guid":{"rendered":"https:\/\/diligence-expertise.fr\/?page_id=2566"},"modified":"2024-05-27T01:41:10","modified_gmt":"2024-05-26T23:41:10","slug":"nous-rejoindre","status":"publish","type":"page","link":"https:\/\/diligence-expertise.fr\/index.php\/nous-rejoindre\/","title":{"rendered":"Nous Rejoindre"},"content":{"rendered":"\t\t<div data-elementor-type=\"wp-page\" data-elementor-id=\"2566\" class=\"elementor elementor-2566\" data-elementor-post-type=\"page\">\n\t\t\t\t<div class=\"elementor-element elementor-element-3b68bf0 e-flex e-con-boxed e-con e-parent\" data-id=\"3b68bf0\" data-element_type=\"container\" data-e-type=\"container\" data-settings=\"{&quot;background_background&quot;:&quot;classic&quot;}\">\n\t\t\t\t\t<div class=\"e-con-inner\">\n\t\t\t\t<div class=\"elementor-element elementor-element-673c3d8 elementor-icon-list--layout-inline elementor-list-item-link-full_width elementor-widget elementor-widget-icon-list\" data-id=\"673c3d8\" data-element_type=\"widget\" data-e-type=\"widget\" data-widget_type=\"icon-list.default\">\n\t\t\t\t<div class=\"elementor-widget-container\">\n\t\t\t\t\t\t\t<ul class=\"elementor-icon-list-items elementor-inline-items\">\n\t\t\t\t\t\t\t<li class=\"elementor-icon-list-item elementor-inline-item\">\n\t\t\t\t\t\t\t\t\t\t\t<a href=\"\/\">\n\n\t\t\t\t\t\t\t\t\t\t\t<span class=\"elementor-icon-list-text\">Accueil<\/span>\n\t\t\t\t\t\t\t\t\t\t\t<\/a>\n\t\t\t\t\t\t\t\t\t<\/li>\n\t\t\t\t\t\t\t\t<li class=\"elementor-icon-list-item elementor-inline-item\">\n\t\t\t\t\t\t\t\t\t\t\t<span class=\"elementor-icon-list-icon\">\n\t\t\t\t\t\t\t<svg aria-hidden=\"true\" class=\"e-font-icon-svg e-fas-arrow-right\" viewBox=\"0 0 448 512\" xmlns=\"http:\/\/www.w3.org\/2000\/svg\"><path d=\"M190.5 66.9l22.2-22.2c9.4-9.4 24.6-9.4 33.9 0L441 239c9.4 9.4 9.4 24.6 0 33.9L246.6 467.3c-9.4 9.4-24.6 9.4-33.9 0l-22.2-22.2c-9.5-9.5-9.3-25 .4-34.3L311.4 296H24c-13.3 0-24-10.7-24-24v-32c0-13.3 10.7-24 24-24h287.4L190.9 101.2c-9.8-9.3-10-24.8-.4-34.3z\"><\/path><\/svg>\t\t\t\t\t\t<\/span>\n\t\t\t\t\t\t\t\t\t\t<span class=\"elementor-icon-list-text\"><\/span>\n\t\t\t\t\t\t\t\t\t<\/li>\n\t\t\t\t\t\t<\/ul>\n\t\t\t\t\t\t<\/div>\n\t\t\t\t<\/div>\n\t\t\t\t<div class=\"elementor-element elementor-element-dd7063c elementor-icon-list--layout-inline elementor-list-item-link-full_width elementor-widget elementor-widget-icon-list\" data-id=\"dd7063c\" data-element_type=\"widget\" data-e-type=\"widget\" data-widget_type=\"icon-list.default\">\n\t\t\t\t<div class=\"elementor-widget-container\">\n\t\t\t\t\t\t\t<ul class=\"elementor-icon-list-items elementor-inline-items\">\n\t\t\t\t\t\t\t<li class=\"elementor-icon-list-item elementor-inline-item\">\n\t\t\t\t\t\t\t\t\t\t\t<a href=\"https:\/\/diligence-expertise.fr\/?ruffer_footer_build=footer-one\">\n\n\t\t\t\t\t\t\t\t\t\t\t<span class=\"elementor-icon-list-text\">Footer One<\/span>\n\t\t\t\t\t\t\t\t\t\t\t<\/a>\n\t\t\t\t\t\t\t\t\t<\/li>\n\t\t\t\t\t\t<\/ul>\n\t\t\t\t\t\t<\/div>\n\t\t\t\t<\/div>\n\t\t\t\t\t<\/div>\n\t\t\t\t<\/div>\n\t\t\t\t<section class=\"elementor-section elementor-top-section elementor-element elementor-element-8384433 elementor-section-boxed elementor-section-height-default elementor-section-height-default\" data-id=\"8384433\" data-element_type=\"section\" data-e-type=\"section\">\n\t\t\t\t\t\t<div class=\"elementor-container elementor-column-gap-no\">\n\t\t\t\t\t<div class=\"elementor-column elementor-col-100 elementor-top-column elementor-element elementor-element-06b4745\" data-id=\"06b4745\" data-element_type=\"column\" data-e-type=\"column\">\n\t\t\t<div class=\"elementor-widget-wrap elementor-element-populated\">\n\t\t\t\t\t\t<section class=\"elementor-section elementor-inner-section elementor-element elementor-element-5a0215b elementor-section-full_width elementor-section-content-top elementor-section-height-default elementor-section-height-default\" data-id=\"5a0215b\" data-element_type=\"section\" data-e-type=\"section\">\n\t\t\t\t\t\t<div class=\"elementor-container elementor-column-gap-no\">\n\t\t\t\t\t<div class=\"elementor-column elementor-col-50 elementor-inner-column elementor-element elementor-element-215696f\" data-id=\"215696f\" data-element_type=\"column\" data-e-type=\"column\">\n\t\t\t<div class=\"elementor-widget-wrap elementor-element-populated\">\n\t\t\t\t\t\t<div class=\"elementor-element elementor-element-19ce2cc elementor-widget elementor-widget-ruffersectiontitle\" data-id=\"19ce2cc\" data-element_type=\"widget\" data-e-type=\"widget\" data-widget_type=\"ruffersectiontitle.default\">\n\t\t\t\t<div class=\"elementor-widget-container\">\n\t\t\t\t\t<div class=\"title-area-wrap\"><div class=\"title-area mb-30\" ><span class=\"sub-title subtitle-selector\">Expert'Cab recrute des collaborateurs experts.<\/span><h2 class=\"sec-title title-selector\">Faites parti du r\u00e9seau Expert'Cab<\/h2><\/div><p class=\"desc-selector mt-n2 mb-30\">L'union fait la force ! Vous souhaitez \u00eatre r\u00e9f\u00e9renc\u00e9 sur nos sites et intervenir sous la marque Expert'Cab avec Diligence expertise ?\nNous serions ravis de vous accueillir  et vous permettre de grandir participer au d\u00e9veloppement de la soci\u00e9t\u00e9. Ensemble cr\u00e9ons une belle synergie dynamique et objective. <\/p><\/div>\t\t\t\t<\/div>\n\t\t\t\t<\/div>\n\t\t\t\t<div class=\"elementor-element elementor-element-ef9cf5a elementor-widget elementor-widget-ruffercontactinfo\" data-id=\"ef9cf5a\" data-element_type=\"widget\" data-e-type=\"widget\" data-widget_type=\"ruffercontactinfo.default\">\n\t\t\t\t<div class=\"elementor-widget-container\">\n\t\t\t\t\t<!--==============================Contact Info Area==============================--><div class=\"row justify-content-center gy-30\"><div class=\"col-xl-6 col-lg-4 col-md-6\"><div class=\"contact-feature\"><div class=\"icon-btn\"><i class=\"far fa-envelope\"><\/i><\/div><div class=\"media-body\"><p class=\"contact-feature_label\">contact@expert-cab.fr<\/p><a href=\"mailto:\" class=\"contact-feature_link\"><\/a><a href=\"mailto:\" class=\"contact-feature_link\"><\/a><\/div><\/div><\/div><\/div>\t\t\t\t<\/div>\n\t\t\t\t<\/div>\n\t\t\t\t\t<\/div>\n\t\t<\/div>\n\t\t\t\t<div class=\"elementor-column elementor-col-50 elementor-inner-column elementor-element elementor-element-5d24a35\" data-id=\"5d24a35\" data-element_type=\"column\" data-e-type=\"column\">\n\t\t\t<div class=\"elementor-widget-wrap elementor-element-populated\">\n\t\t\t\t\t\t<div class=\"elementor-element elementor-element-5194e5c elementor-widget elementor-widget-shortcode\" data-id=\"5194e5c\" data-element_type=\"widget\" data-e-type=\"widget\" data-widget_type=\"shortcode.default\">\n\t\t\t\t<div class=\"elementor-widget-container\">\n\t\t\t\t\t\t\t<div class=\"elementor-shortcode\">\n<div class=\"wpcf7 no-js\" id=\"wpcf7-f1143-o1\" lang=\"en-US\" dir=\"ltr\" data-wpcf7-id=\"1143\">\n<div class=\"screen-reader-response\"><p role=\"status\" aria-live=\"polite\" aria-atomic=\"true\"><\/p> <ul><\/ul><\/div>\n<form action=\"\/index.php\/wp-json\/wp\/v2\/pages\/2566#wpcf7-f1143-o1\" method=\"post\" class=\"wpcf7-form init\" aria-label=\"Contact form\" novalidate=\"novalidate\" data-status=\"init\">\n<fieldset class=\"hidden-fields-container\"><input type=\"hidden\" name=\"_wpcf7\" value=\"1143\" \/><input type=\"hidden\" name=\"_wpcf7_version\" value=\"6.1.5\" \/><input type=\"hidden\" name=\"_wpcf7_locale\" value=\"en_US\" \/><input type=\"hidden\" name=\"_wpcf7_unit_tag\" value=\"wpcf7-f1143-o1\" \/><input type=\"hidden\" name=\"_wpcf7_container_post\" value=\"0\" \/><input type=\"hidden\" name=\"_wpcf7_posted_data_hash\" value=\"\" \/>\n<\/fieldset>\n<div class=\"th-contact-form bg-smoke\">\n    <div class=\"form-title\">\n        <h3 class=\"blog-inner-title h5\">Envoyer une requ\u00eate :<\/h3>\n    <\/div>\n    <div class=\"row\">\n        <div class=\"col-md-6 form-group\">\n            <span class=\"wpcf7-form-control-wrap\" data-name=\"text-830\"><input size=\"40\" maxlength=\"400\" class=\"wpcf7-form-control wpcf7-text wpcf7-validates-as-required form-control style-white\" id=\"text-830\" aria-required=\"true\" aria-invalid=\"false\" placeholder=\"Nom\/Pr\u00e9nom\" value=\"\" type=\"text\" name=\"text-830\" \/><\/span>\n        <\/div>\n        <div class=\"col-md-6 form-group\">\n            <span class=\"wpcf7-form-control-wrap\" data-name=\"email-994\"><input size=\"40\" maxlength=\"400\" class=\"wpcf7-form-control wpcf7-email wpcf7-validates-as-required wpcf7-text wpcf7-validates-as-email form-control style-white\" id=\"email-994\" aria-required=\"true\" aria-invalid=\"false\" placeholder=\"Adresse Email\" value=\"\" type=\"email\" name=\"email-994\" \/><\/span>\n        <\/div>\n        <div class=\"col-md-12 form-group\">\n            <span class=\"wpcf7-form-control-wrap\" data-name=\"text-667\"><input size=\"40\" maxlength=\"400\" class=\"wpcf7-form-control wpcf7-text wpcf7-validates-as-required form-control style-white\" id=\"text-667\" aria-required=\"true\" aria-invalid=\"false\" placeholder=\"Objet de votre requ\u00e9te\" value=\"\" type=\"text\" name=\"text-667\" \/><\/span>\n        <\/div>\n        <div class=\"col-12 form-group\">\n            <span class=\"wpcf7-form-control-wrap\" data-name=\"textarea-40\"><textarea cols=\"40\" rows=\"10\" maxlength=\"2000\" class=\"wpcf7-form-control wpcf7-textarea wpcf7-validates-as-required form-control style-white\" id=\"textarea-40\" aria-required=\"true\" aria-invalid=\"false\" placeholder=\"D\u00e9crivez les faits :\" name=\"textarea-40\"><\/textarea><\/span>\n        <\/div>\n        <div class=\"col-12 form-group mb-0\">\n            <button class=\"th-btn wpcf7\">Envoi de votre requ\u00eate <i class=\"fas fa-arrow-right ms-2\"><\/i><\/button>\n        <\/div>\n    <\/div>\n<\/div><div class=\"wpcf7-response-output\" aria-hidden=\"true\"><\/div>\n<\/form>\n<\/div>\n<\/div>\n\t\t\t\t\t\t<\/div>\n\t\t\t\t<\/div>\n\t\t\t\t\t<\/div>\n\t\t<\/div>\n\t\t\t\t\t<\/div>\n\t\t<\/section>\n\t\t\t\t\t<\/div>\n\t\t<\/div>\n\t\t\t\t\t<\/div>\n\t\t<\/section>\n\t\t\t\t<\/div>\n\t\t","protected":false},"excerpt":{"rendered":"<p>Accueil Expert&#8217;Cab recrute des collaborateurs experts. Faites parti du r\u00e9seau Expert&#8217;Cab L&#8217;union fait la force ! Vous souhaitez \u00eatre r\u00e9f\u00e9renc\u00e9 sur nos sites et intervenir sous la marque Expert&#8217;Cab avec Diligence expertise ? Nous serions ravis de vous accueillir et vous permettre de grandir participer au d\u00e9veloppement de la soci\u00e9t\u00e9. Ensemble cr\u00e9ons une belle synergie&#8230;<\/p>\n","protected":false},"author":1,"featured_media":0,"parent":0,"menu_order":0,"comment_status":"closed","ping_status":"closed","template":"template-builder.php","meta":{"footnotes":""},"class_list":["post-2566","page","type-page","status-publish","hentry"],"_links":{"self":[{"href":"https:\/\/diligence-expertise.fr\/index.php\/wp-json\/wp\/v2\/pages\/2566","targetHints":{"allow":["GET"]}}],"collection":[{"href":"https:\/\/diligence-expertise.fr\/index.php\/wp-json\/wp\/v2\/pages"}],"about":[{"href":"https:\/\/diligence-expertise.fr\/index.php\/wp-json\/wp\/v2\/types\/page"}],"author":[{"embeddable":true,"href":"https:\/\/diligence-expertise.fr\/index.php\/wp-json\/wp\/v2\/users\/1"}],"replies":[{"embeddable":true,"href":"https:\/\/diligence-expertise.fr\/index.php\/wp-json\/wp\/v2\/comments?post=2566"}],"version-history":[{"count":41,"href":"https:\/\/diligence-expertise.fr\/index.php\/wp-json\/wp\/v2\/pages\/2566\/revisions"}],"predecessor-version":[{"id":3174,"href":"https:\/\/diligence-expertise.fr\/index.php\/wp-json\/wp\/v2\/pages\/2566\/revisions\/3174"}],"wp:attachment":[{"href":"https:\/\/diligence-expertise.fr\/index.php\/wp-json\/wp\/v2\/media?parent=2566"}],"curies":[{"name":"wp","href":"https:\/\/api.w.org\/{rel}","templated":true}]}}