{"id":2339,"date":"2024-05-13T09:30:29","date_gmt":"2024-05-13T07:30:29","guid":{"rendered":"https:\/\/diligence-expertise.fr\/?page_id=2339"},"modified":"2024-05-27T01:46:24","modified_gmt":"2024-05-26T23:46:24","slug":"mentions-legales","status":"publish","type":"page","link":"https:\/\/diligence-expertise.fr\/index.php\/mentions-legales\/","title":{"rendered":"Mentions L\u00e9gales :"},"content":{"rendered":"\t\t<div data-elementor-type=\"wp-page\" data-elementor-id=\"2339\" class=\"elementor elementor-2339\" data-elementor-post-type=\"page\">\n\t\t\t\t<div class=\"elementor-element elementor-element-1aa4a10 e-flex e-con-boxed e-con e-parent\" data-id=\"1aa4a10\" data-element_type=\"container\" data-e-type=\"container\" data-settings=\"{&quot;background_background&quot;:&quot;classic&quot;}\">\n\t\t\t\t\t<div class=\"e-con-inner\">\n\t\t\t\t<div class=\"elementor-element elementor-element-61f05ce elementor-icon-list--layout-inline elementor-list-item-link-full_width elementor-widget elementor-widget-icon-list\" data-id=\"61f05ce\" data-element_type=\"widget\" data-e-type=\"widget\" data-widget_type=\"icon-list.default\">\n\t\t\t\t<div class=\"elementor-widget-container\">\n\t\t\t\t\t\t\t<ul class=\"elementor-icon-list-items elementor-inline-items\">\n\t\t\t\t\t\t\t<li class=\"elementor-icon-list-item elementor-inline-item\">\n\t\t\t\t\t\t\t\t\t\t\t<a href=\"\/\">\n\n\t\t\t\t\t\t\t\t\t\t\t<span class=\"elementor-icon-list-text\">Accueil<\/span>\n\t\t\t\t\t\t\t\t\t\t\t<\/a>\n\t\t\t\t\t\t\t\t\t<\/li>\n\t\t\t\t\t\t\t\t<li class=\"elementor-icon-list-item elementor-inline-item\">\n\t\t\t\t\t\t\t\t\t\t\t<span class=\"elementor-icon-list-icon\">\n\t\t\t\t\t\t\t<svg aria-hidden=\"true\" class=\"e-font-icon-svg e-fas-arrow-right\" viewBox=\"0 0 448 512\" xmlns=\"http:\/\/www.w3.org\/2000\/svg\"><path d=\"M190.5 66.9l22.2-22.2c9.4-9.4 24.6-9.4 33.9 0L441 239c9.4 9.4 9.4 24.6 0 33.9L246.6 467.3c-9.4 9.4-24.6 9.4-33.9 0l-22.2-22.2c-9.5-9.5-9.3-25 .4-34.3L311.4 296H24c-13.3 0-24-10.7-24-24v-32c0-13.3 10.7-24 24-24h287.4L190.9 101.2c-9.8-9.3-10-24.8-.4-34.3z\"><\/path><\/svg>\t\t\t\t\t\t<\/span>\n\t\t\t\t\t\t\t\t\t\t<span class=\"elementor-icon-list-text\"><\/span>\n\t\t\t\t\t\t\t\t\t<\/li>\n\t\t\t\t\t\t<\/ul>\n\t\t\t\t\t\t<\/div>\n\t\t\t\t<\/div>\n\t\t\t\t<div class=\"elementor-element elementor-element-d4b14b5 elementor-icon-list--layout-inline elementor-list-item-link-full_width elementor-widget elementor-widget-icon-list\" data-id=\"d4b14b5\" data-element_type=\"widget\" data-e-type=\"widget\" data-widget_type=\"icon-list.default\">\n\t\t\t\t<div class=\"elementor-widget-container\">\n\t\t\t\t\t\t\t<ul class=\"elementor-icon-list-items elementor-inline-items\">\n\t\t\t\t\t\t\t<li class=\"elementor-icon-list-item elementor-inline-item\">\n\t\t\t\t\t\t\t\t\t\t\t<a href=\"https:\/\/diligence-expertise.fr\/?ruffer_footer_build=footer-one\">\n\n\t\t\t\t\t\t\t\t\t\t\t<span class=\"elementor-icon-list-text\">Footer One<\/span>\n\t\t\t\t\t\t\t\t\t\t\t<\/a>\n\t\t\t\t\t\t\t\t\t<\/li>\n\t\t\t\t\t\t<\/ul>\n\t\t\t\t\t\t<\/div>\n\t\t\t\t<\/div>\n\t\t\t\t\t<\/div>\n\t\t\t\t<\/div>\n\t\t<div class=\"elementor-element elementor-element-68496f4a e-flex e-con-boxed e-con e-parent\" data-id=\"68496f4a\" data-element_type=\"container\" data-e-type=\"container\">\n\t\t\t\t\t<div class=\"e-con-inner\">\n\t\t\t\t<div class=\"elementor-element elementor-element-570c34ae elementor-widget elementor-widget-text-editor\" data-id=\"570c34ae\" data-element_type=\"widget\" data-e-type=\"widget\" data-widget_type=\"text-editor.default\">\n\t\t\t\t<div class=\"elementor-widget-container\">\n\t\t\t\t\t\t\t\t\t\n<p><strong>SAS Expert&#8217;Cab <\/strong>au capital de 1000 \u20ac, Soci\u00e9t\u00e9 inscrite aupr\u00e8s du registre du commerce et des soci\u00e9t\u00e9s de Perpignan. Rcs n\u00b0 928 379 395. Ape : 7490 B (Activit\u00e9s sp\u00e9cialis\u00e9es, scientifiques et techniques diverses). TVA n\u00b0 FR89928379395<\/p>\n\n\n\n<p><strong>Si\u00e8ge : <\/strong>1 Boulevard John Fitzgerald Kennedy, immeuble &#8216;L&#8217;Espadon Voilier&#8221; 66100 &#8211; Perpignan.<\/p>\n\n\n\n<p><strong>Correspondance mat\u00e9rialis\u00e9e <\/strong>: (courriers\/dossiers) : <\/p>\n\n\n\n<p><strong>SAS<\/strong> <strong>Expert&#8217;Cab<\/strong> BP n\u00b0 31094  7, Avenue Paul Alduy 66100 &#8211; Perpignan. <\/p>\n\n\n\n<p><strong>Correspondance d\u00e9mat\u00e9rialis\u00e9e <\/strong>: <a href=\"mailto:contact@diligence-expertise.fr\">contact@diligence-expertise.fr<\/a> ou <a href=\"mailto:contact@expert-cab.fr\">contact@expert-cab.fr<\/a><\/p>\n\n\n\n<p><strong>*<\/strong>Documents\/Dossiers\/Fichiers volumineux, veuillez utiliser un service d&#8217;envoi de fichiers s\u00e9curis\u00e9s,              de type <a href=\"https:\/\/wetransfer.com\/\" data-type=\"link\" data-id=\"https:\/\/wetransfer.com\/\">We-Transfer<\/a>.<\/p>\n\n\n\n<p>Le site internet<a href=\"http:\/\/www.diligence-expertise.fr\" data-type=\"link\" data-id=\"www.diligence-expertise.fr\"> www.diligence-expertise.fr<\/a> est h\u00e9berg\u00e9 aupr\u00e8s de la Soci\u00e9t\u00e9 Hostinger International Ltd. sis, 61 Lordou Vironos Street, 6023 Larnaca, Chypre,<\/p>\n\n\n\n<p>La Soci\u00e9t\u00e9 <strong>Expert&#8217;Cab<\/strong> est adh\u00e9rente aupr\u00e8s du centre de m\u00e9diation de la consommation de conciliateurs de justice : <strong>CM2C.<\/strong> (Association Loi 1901) <a href=\"https:\/\/www.cm2c.net\/\" target=\"_blank\" rel=\"noreferrer noopener\">https:\/\/www.cm2c.net\/ <\/a> <strong>CM2C<\/strong>, 49 Rue de Ponthieu 75008 Paris.<\/p>\n\n\n\n<p>Notre cabinet d&#8217;expertise ind\u00e9pendant, est, via le site <a href=\"http:\/\/expert-cab.fr\" data-type=\"link\" data-id=\"expert-cab.fr\">expert-cab.fr<\/a> et <a href=\"http:\/\/diligence-expertise.fr\" data-type=\"link\" data-id=\"diligence-expertise.fr\">diligence-expertise.fr<\/a> en collaboration avec la plateforme d&#8217;utilit\u00e9 publique <a href=\"https:\/\/www.trouver-avocats.fr\/\" data-type=\"link\" data-id=\"https:\/\/www.trouver-avocats.fr\/\">Trouver-Avocats.fr<\/a> , vous permettant de trouver l&#8217;avocat sp\u00e9cialis\u00e9 dans un domaine bien pr\u00e9cis et se trouvant dans votre secteur g\u00e9ographique.<\/p>\n\t\t\t\t\t\t\t\t<\/div>\n\t\t\t\t<\/div>\n\t\t\t\t\t<\/div>\n\t\t\t\t<\/div>\n\t\t\t\t<\/div>\n\t\t","protected":false},"excerpt":{"rendered":"<p>Accueil SAS Expert&#8217;Cab au capital de 1000 \u20ac, Soci\u00e9t\u00e9 inscrite aupr\u00e8s du registre du commerce et des soci\u00e9t\u00e9s de Perpignan. Rcs n\u00b0 928 379 395. Ape : 7490 B (Activit\u00e9s sp\u00e9cialis\u00e9es, scientifiques et techniques diverses). TVA n\u00b0 FR89928379395 Si\u00e8ge : 1 Boulevard John Fitzgerald Kennedy, immeuble &#8216;L&#8217;Espadon Voilier&#8221; 66100 &#8211; Perpignan. Correspondance mat\u00e9rialis\u00e9e : (courriers\/dossiers)&#8230;<\/p>\n","protected":false},"author":1,"featured_media":0,"parent":0,"menu_order":0,"comment_status":"closed","ping_status":"closed","template":"elementor_header_footer","meta":{"footnotes":""},"class_list":["post-2339","page","type-page","status-publish","hentry"],"_links":{"self":[{"href":"https:\/\/diligence-expertise.fr\/index.php\/wp-json\/wp\/v2\/pages\/2339","targetHints":{"allow":["GET"]}}],"collection":[{"href":"https:\/\/diligence-expertise.fr\/index.php\/wp-json\/wp\/v2\/pages"}],"about":[{"href":"https:\/\/diligence-expertise.fr\/index.php\/wp-json\/wp\/v2\/types\/page"}],"author":[{"embeddable":true,"href":"https:\/\/diligence-expertise.fr\/index.php\/wp-json\/wp\/v2\/users\/1"}],"replies":[{"embeddable":true,"href":"https:\/\/diligence-expertise.fr\/index.php\/wp-json\/wp\/v2\/comments?post=2339"}],"version-history":[{"count":14,"href":"https:\/\/diligence-expertise.fr\/index.php\/wp-json\/wp\/v2\/pages\/2339\/revisions"}],"predecessor-version":[{"id":3181,"href":"https:\/\/diligence-expertise.fr\/index.php\/wp-json\/wp\/v2\/pages\/2339\/revisions\/3181"}],"wp:attachment":[{"href":"https:\/\/diligence-expertise.fr\/index.php\/wp-json\/wp\/v2\/media?parent=2339"}],"curies":[{"name":"wp","href":"https:\/\/api.w.org\/{rel}","templated":true}]}}