{"id":1129,"date":"2023-05-16T15:24:52","date_gmt":"2023-05-16T15:24:52","guid":{"rendered":"https:\/\/themeholy.com\/wordpress\/ruffer\/?page_id=1129"},"modified":"2024-05-27T01:49:51","modified_gmt":"2024-05-26T23:49:51","slug":"contact-us","status":"publish","type":"page","link":"https:\/\/diligence-expertise.fr\/index.php\/contact-us\/","title":{"rendered":"Contactez nous"},"content":{"rendered":"\t\t<div data-elementor-type=\"wp-page\" data-elementor-id=\"1129\" class=\"elementor elementor-1129\" data-elementor-post-type=\"page\">\n\t\t\t\t<div class=\"elementor-element elementor-element-25e8527 e-flex e-con-boxed e-con e-parent\" data-id=\"25e8527\" data-element_type=\"container\" data-e-type=\"container\" data-settings=\"{&quot;background_background&quot;:&quot;classic&quot;}\">\n\t\t\t\t\t<div class=\"e-con-inner\">\n\t\t\t\t<div class=\"elementor-element elementor-element-ec81ae8 elementor-icon-list--layout-inline elementor-list-item-link-full_width elementor-widget elementor-widget-icon-list\" data-id=\"ec81ae8\" data-element_type=\"widget\" data-e-type=\"widget\" data-widget_type=\"icon-list.default\">\n\t\t\t\t<div class=\"elementor-widget-container\">\n\t\t\t\t\t\t\t<ul class=\"elementor-icon-list-items elementor-inline-items\">\n\t\t\t\t\t\t\t<li class=\"elementor-icon-list-item elementor-inline-item\">\n\t\t\t\t\t\t\t\t\t\t\t<a href=\"\/\">\n\n\t\t\t\t\t\t\t\t\t\t\t<span class=\"elementor-icon-list-text\">Accueil<\/span>\n\t\t\t\t\t\t\t\t\t\t\t<\/a>\n\t\t\t\t\t\t\t\t\t<\/li>\n\t\t\t\t\t\t\t\t<li class=\"elementor-icon-list-item elementor-inline-item\">\n\t\t\t\t\t\t\t\t\t\t\t<span class=\"elementor-icon-list-icon\">\n\t\t\t\t\t\t\t<svg aria-hidden=\"true\" class=\"e-font-icon-svg e-fas-arrow-right\" viewBox=\"0 0 448 512\" xmlns=\"http:\/\/www.w3.org\/2000\/svg\"><path d=\"M190.5 66.9l22.2-22.2c9.4-9.4 24.6-9.4 33.9 0L441 239c9.4 9.4 9.4 24.6 0 33.9L246.6 467.3c-9.4 9.4-24.6 9.4-33.9 0l-22.2-22.2c-9.5-9.5-9.3-25 .4-34.3L311.4 296H24c-13.3 0-24-10.7-24-24v-32c0-13.3 10.7-24 24-24h287.4L190.9 101.2c-9.8-9.3-10-24.8-.4-34.3z\"><\/path><\/svg>\t\t\t\t\t\t<\/span>\n\t\t\t\t\t\t\t\t\t\t<span class=\"elementor-icon-list-text\"><\/span>\n\t\t\t\t\t\t\t\t\t<\/li>\n\t\t\t\t\t\t<\/ul>\n\t\t\t\t\t\t<\/div>\n\t\t\t\t<\/div>\n\t\t\t\t<div class=\"elementor-element elementor-element-fd85cc6 elementor-icon-list--layout-inline elementor-list-item-link-full_width elementor-widget elementor-widget-icon-list\" data-id=\"fd85cc6\" data-element_type=\"widget\" data-e-type=\"widget\" data-widget_type=\"icon-list.default\">\n\t\t\t\t<div class=\"elementor-widget-container\">\n\t\t\t\t\t\t\t<ul class=\"elementor-icon-list-items elementor-inline-items\">\n\t\t\t\t\t\t\t<li class=\"elementor-icon-list-item elementor-inline-item\">\n\t\t\t\t\t\t\t\t\t\t\t<a href=\"https:\/\/diligence-expertise.fr\/?ruffer_footer_build=footer-one\">\n\n\t\t\t\t\t\t\t\t\t\t\t<span class=\"elementor-icon-list-text\">Footer One<\/span>\n\t\t\t\t\t\t\t\t\t\t\t<\/a>\n\t\t\t\t\t\t\t\t\t<\/li>\n\t\t\t\t\t\t<\/ul>\n\t\t\t\t\t\t<\/div>\n\t\t\t\t<\/div>\n\t\t\t\t\t<\/div>\n\t\t\t\t<\/div>\n\t\t\t\t<section class=\"elementor-section elementor-top-section elementor-element elementor-element-c9baf63 elementor-section-boxed elementor-section-height-default elementor-section-height-default\" data-id=\"c9baf63\" data-element_type=\"section\" data-e-type=\"section\">\n\t\t\t\t\t\t<div class=\"elementor-container elementor-column-gap-no\">\n\t\t\t\t\t<div class=\"elementor-column elementor-col-100 elementor-top-column elementor-element elementor-element-37261b9\" data-id=\"37261b9\" data-element_type=\"column\" data-e-type=\"column\">\n\t\t\t<div class=\"elementor-widget-wrap elementor-element-populated\">\n\t\t\t\t\t\t<section class=\"elementor-section elementor-inner-section elementor-element elementor-element-c683e9b elementor-section-full_width elementor-section-content-top elementor-section-height-default elementor-section-height-default\" data-id=\"c683e9b\" data-element_type=\"section\" data-e-type=\"section\">\n\t\t\t\t\t\t<div class=\"elementor-container elementor-column-gap-no\">\n\t\t\t\t\t<div class=\"elementor-column elementor-col-50 elementor-inner-column elementor-element elementor-element-aba1a9f\" data-id=\"aba1a9f\" data-element_type=\"column\" data-e-type=\"column\">\n\t\t\t<div class=\"elementor-widget-wrap elementor-element-populated\">\n\t\t\t\t\t\t<div class=\"elementor-element elementor-element-0aa2b73 elementor-widget elementor-widget-ruffersectiontitle\" data-id=\"0aa2b73\" data-element_type=\"widget\" data-e-type=\"widget\" data-widget_type=\"ruffersectiontitle.default\">\n\t\t\t\t<div class=\"elementor-widget-container\">\n\t\t\t\t\t<div class=\"title-area-wrap\"><div class=\"title-area mb-30\" ><span class=\"sub-title subtitle-selector\">Diligence expertise \u00c0 votre service :<\/span><h2 class=\"sec-title title-selector\">Nous intervenons dans  les meilleurs d\u00e9lais.<\/h2><\/div><p class=\"desc-selector mt-n2 mb-30\">If you're looking to describe your contact information in a resume, here are some tips that might help:<\/p><\/div>\t\t\t\t<\/div>\n\t\t\t\t<\/div>\n\t\t\t\t<div class=\"elementor-element elementor-element-107c536 elementor-widget elementor-widget-ruffercontactinfo\" data-id=\"107c536\" data-element_type=\"widget\" data-e-type=\"widget\" data-widget_type=\"ruffercontactinfo.default\">\n\t\t\t\t<div class=\"elementor-widget-container\">\n\t\t\t\t\t<!--==============================Contact Info Area==============================--><div class=\"row justify-content-center gy-30\"><div class=\"col-xl-6 col-lg-4 col-md-6\"><div class=\"contact-feature\"><div class=\"icon-btn\"><i class=\"far fa-envelope\"><\/i><\/div><div class=\"media-body\"><p class=\"contact-feature_label\">contact@diligence-expertise.fr <\/p><a href=\"mailto:\" class=\"contact-feature_link\"><\/a><a href=\"mailto:\" class=\"contact-feature_link\">Si\u00e8ge : contact@expert-cab.fr<\/a><\/div><\/div><\/div><div class=\"col-xl-6 col-lg-4 col-md-6\"><div class=\"contact-feature\"><div class=\"icon-btn\"><i class=\"far fa-location-dot\"><\/i><\/div><div class=\"media-body\"><p class=\"contact-feature_label\">Si\u00e8ge :<\/p><a href=\"https:\/\/www.google.com\/maps\" class=\"contact-feature_link\">1, Boulevard Kennedy \nB\u00e2t. &quot;L&#039;espadon Voilier&quot;\n\n66100 - \nPerpignan<\/a><\/div><\/div><\/div><\/div>\t\t\t\t<\/div>\n\t\t\t\t<\/div>\n\t\t\t\t\t<\/div>\n\t\t<\/div>\n\t\t\t\t<div class=\"elementor-column elementor-col-50 elementor-inner-column elementor-element elementor-element-5235f90\" data-id=\"5235f90\" data-element_type=\"column\" data-e-type=\"column\">\n\t\t\t<div class=\"elementor-widget-wrap elementor-element-populated\">\n\t\t\t\t\t\t<div class=\"elementor-element elementor-element-75a1508 elementor-widget elementor-widget-shortcode\" data-id=\"75a1508\" data-element_type=\"widget\" data-e-type=\"widget\" data-widget_type=\"shortcode.default\">\n\t\t\t\t<div class=\"elementor-widget-container\">\n\t\t\t\t\t\t\t<div class=\"elementor-shortcode\">\n<div class=\"wpcf7 no-js\" id=\"wpcf7-f1143-o1\" lang=\"en-US\" dir=\"ltr\" data-wpcf7-id=\"1143\">\n<div class=\"screen-reader-response\"><p role=\"status\" aria-live=\"polite\" aria-atomic=\"true\"><\/p> <ul><\/ul><\/div>\n<form action=\"\/index.php\/wp-json\/wp\/v2\/pages\/1129#wpcf7-f1143-o1\" method=\"post\" class=\"wpcf7-form init\" aria-label=\"Contact form\" novalidate=\"novalidate\" data-status=\"init\">\n<fieldset class=\"hidden-fields-container\"><input type=\"hidden\" name=\"_wpcf7\" value=\"1143\" \/><input type=\"hidden\" name=\"_wpcf7_version\" value=\"6.1.5\" \/><input type=\"hidden\" name=\"_wpcf7_locale\" value=\"en_US\" \/><input type=\"hidden\" name=\"_wpcf7_unit_tag\" value=\"wpcf7-f1143-o1\" \/><input type=\"hidden\" name=\"_wpcf7_container_post\" value=\"0\" \/><input type=\"hidden\" name=\"_wpcf7_posted_data_hash\" value=\"\" \/>\n<\/fieldset>\n<div class=\"th-contact-form bg-smoke\">\n    <div class=\"form-title\">\n        <h3 class=\"blog-inner-title h5\">Envoyer une requ\u00eate :<\/h3>\n    <\/div>\n    <div class=\"row\">\n        <div class=\"col-md-6 form-group\">\n            <span class=\"wpcf7-form-control-wrap\" data-name=\"text-830\"><input size=\"40\" maxlength=\"400\" class=\"wpcf7-form-control wpcf7-text wpcf7-validates-as-required form-control style-white\" id=\"text-830\" aria-required=\"true\" aria-invalid=\"false\" placeholder=\"Nom\/Pr\u00e9nom\" value=\"\" type=\"text\" name=\"text-830\" \/><\/span>\n        <\/div>\n        <div class=\"col-md-6 form-group\">\n            <span class=\"wpcf7-form-control-wrap\" data-name=\"email-994\"><input size=\"40\" maxlength=\"400\" class=\"wpcf7-form-control wpcf7-email wpcf7-validates-as-required wpcf7-text wpcf7-validates-as-email form-control style-white\" id=\"email-994\" aria-required=\"true\" aria-invalid=\"false\" placeholder=\"Adresse Email\" value=\"\" type=\"email\" name=\"email-994\" \/><\/span>\n        <\/div>\n        <div class=\"col-md-12 form-group\">\n            <span class=\"wpcf7-form-control-wrap\" data-name=\"text-667\"><input size=\"40\" maxlength=\"400\" class=\"wpcf7-form-control wpcf7-text wpcf7-validates-as-required form-control style-white\" id=\"text-667\" aria-required=\"true\" aria-invalid=\"false\" placeholder=\"Objet de votre requ\u00e9te\" value=\"\" type=\"text\" name=\"text-667\" \/><\/span>\n        <\/div>\n        <div class=\"col-12 form-group\">\n            <span class=\"wpcf7-form-control-wrap\" data-name=\"textarea-40\"><textarea cols=\"40\" rows=\"10\" maxlength=\"2000\" class=\"wpcf7-form-control wpcf7-textarea wpcf7-validates-as-required form-control style-white\" id=\"textarea-40\" aria-required=\"true\" aria-invalid=\"false\" placeholder=\"D\u00e9crivez les faits :\" name=\"textarea-40\"><\/textarea><\/span>\n        <\/div>\n        <div class=\"col-12 form-group mb-0\">\n            <button class=\"th-btn wpcf7\">Envoi de votre requ\u00eate <i class=\"fas fa-arrow-right ms-2\"><\/i><\/button>\n        <\/div>\n    <\/div>\n<\/div><div class=\"wpcf7-response-output\" aria-hidden=\"true\"><\/div>\n<\/form>\n<\/div>\n<\/div>\n\t\t\t\t\t\t<\/div>\n\t\t\t\t<\/div>\n\t\t\t\t\t<\/div>\n\t\t<\/div>\n\t\t\t\t\t<\/div>\n\t\t<\/section>\n\t\t\t\t\t<\/div>\n\t\t<\/div>\n\t\t\t\t\t<\/div>\n\t\t<\/section>\n\t\t\t\t<section class=\"elementor-section elementor-top-section elementor-element elementor-element-3d5e8f5 elementor-section-full_width elementor-section-height-default elementor-section-height-default\" data-id=\"3d5e8f5\" data-element_type=\"section\" data-e-type=\"section\">\n\t\t\t\t\t\t<div class=\"elementor-container elementor-column-gap-no\">\n\t\t\t\t\t<div class=\"elementor-column elementor-col-100 elementor-top-column elementor-element elementor-element-e24275c\" data-id=\"e24275c\" data-element_type=\"column\" data-e-type=\"column\">\n\t\t\t<div class=\"elementor-widget-wrap elementor-element-populated\">\n\t\t\t\t\t\t<div class=\"elementor-element elementor-element-c32e8d7 elementor-widget elementor-widget-google_maps\" data-id=\"c32e8d7\" data-element_type=\"widget\" data-e-type=\"widget\" data-widget_type=\"google_maps.default\">\n\t\t\t\t<div class=\"elementor-widget-container\">\n\t\t\t\t\t\t\t<div class=\"elementor-custom-embed\">\n\t\t\t<iframe loading=\"lazy\"\n\t\t\t\t\tsrc=\"https:\/\/maps.google.com\/maps?q=1%20Boulevard%20Kennedy%2066100%20Perpignan&#038;t=m&#038;z=10&#038;output=embed&#038;iwloc=near\"\n\t\t\t\t\ttitle=\"1 Boulevard Kennedy 66100 Perpignan\"\n\t\t\t\t\taria-label=\"1 Boulevard Kennedy 66100 Perpignan\"\n\t\t\t><\/iframe>\n\t\t<\/div>\n\t\t\t\t\t\t<\/div>\n\t\t\t\t<\/div>\n\t\t\t\t<div class=\"elementor-element elementor-element-9d15ead elementor-widget elementor-widget-image\" data-id=\"9d15ead\" data-element_type=\"widget\" data-e-type=\"widget\" data-widget_type=\"image.default\">\n\t\t\t\t<div class=\"elementor-widget-container\">\n\t\t\t\t\t\t\t\t\t\t\t\t\t\t\t<img fetchpriority=\"high\" decoding=\"async\" width=\"600\" height=\"600\" src=\"https:\/\/diligence-expertise.fr\/wp-content\/uploads\/2024\/04\/minimal-justice-icon-logo-template-design-Made-with-PosterMyWall-4.png\" class=\"attachment-large size-large wp-image-2342\" alt=\"\" srcset=\"https:\/\/diligence-expertise.fr\/wp-content\/uploads\/2024\/04\/minimal-justice-icon-logo-template-design-Made-with-PosterMyWall-4.png 600w, https:\/\/diligence-expertise.fr\/wp-content\/uploads\/2024\/04\/minimal-justice-icon-logo-template-design-Made-with-PosterMyWall-4-300x300.png 300w, https:\/\/diligence-expertise.fr\/wp-content\/uploads\/2024\/04\/minimal-justice-icon-logo-template-design-Made-with-PosterMyWall-4-150x150.png 150w, https:\/\/diligence-expertise.fr\/wp-content\/uploads\/2024\/04\/minimal-justice-icon-logo-template-design-Made-with-PosterMyWall-4-85x85.png 85w, https:\/\/diligence-expertise.fr\/wp-content\/uploads\/2024\/04\/minimal-justice-icon-logo-template-design-Made-with-PosterMyWall-4-80x80.png 80w, https:\/\/diligence-expertise.fr\/wp-content\/uploads\/2024\/04\/minimal-justice-icon-logo-template-design-Made-with-PosterMyWall-4-100x100.png 100w, https:\/\/diligence-expertise.fr\/wp-content\/uploads\/2024\/04\/minimal-justice-icon-logo-template-design-Made-with-PosterMyWall-4-460x460.png 460w\" sizes=\"(max-width: 600px) 100vw, 600px\" \/>\t\t\t\t\t\t\t\t\t\t\t\t\t\t\t<\/div>\n\t\t\t\t<\/div>\n\t\t\t\t\t<\/div>\n\t\t<\/div>\n\t\t\t\t\t<\/div>\n\t\t<\/section>\n\t\t\t\t<\/div>\n\t\t","protected":false},"excerpt":{"rendered":"<p>Accueil Diligence expertise \u00c0 votre service : Nous intervenons dans les meilleurs d\u00e9lais. If you&#8217;re looking to describe your contact information in a resume, here are some tips that might help: contact@diligence-expertise.fr Si\u00e8ge : contact@expert-cab.fr Si\u00e8ge : 1, Boulevard Kennedy B\u00e2t. &quot;L&#039;espadon Voilier&quot; 66100 &#8211; Perpignan<\/p>\n","protected":false},"author":1,"featured_media":0,"parent":0,"menu_order":0,"comment_status":"closed","ping_status":"closed","template":"template-builder.php","meta":{"footnotes":""},"class_list":["post-1129","page","type-page","status-publish","hentry"],"_links":{"self":[{"href":"https:\/\/diligence-expertise.fr\/index.php\/wp-json\/wp\/v2\/pages\/1129","targetHints":{"allow":["GET"]}}],"collection":[{"href":"https:\/\/diligence-expertise.fr\/index.php\/wp-json\/wp\/v2\/pages"}],"about":[{"href":"https:\/\/diligence-expertise.fr\/index.php\/wp-json\/wp\/v2\/types\/page"}],"author":[{"embeddable":true,"href":"https:\/\/diligence-expertise.fr\/index.php\/wp-json\/wp\/v2\/users\/1"}],"replies":[{"embeddable":true,"href":"https:\/\/diligence-expertise.fr\/index.php\/wp-json\/wp\/v2\/comments?post=1129"}],"version-history":[{"count":25,"href":"https:\/\/diligence-expertise.fr\/index.php\/wp-json\/wp\/v2\/pages\/1129\/revisions"}],"predecessor-version":[{"id":3188,"href":"https:\/\/diligence-expertise.fr\/index.php\/wp-json\/wp\/v2\/pages\/1129\/revisions\/3188"}],"wp:attachment":[{"href":"https:\/\/diligence-expertise.fr\/index.php\/wp-json\/wp\/v2\/media?parent=1129"}],"curies":[{"name":"wp","href":"https:\/\/api.w.org\/{rel}","templated":true}]}}